{"id":2,"date":"2013-03-10T20:20:51","date_gmt":"2013-03-10T20:20:51","guid":{"rendered":"http:\/\/www.cantomania.at\/wordpress\/?page_id=2"},"modified":"2024-01-25T22:51:05","modified_gmt":"2024-01-25T22:51:05","slug":"sample-page","status":"publish","type":"page","link":"https:\/\/www.cantomania.at\/wordpress\/?page_id=2","title":{"rendered":"Chor"},"content":{"rendered":"<p>Der Chor Cantomania Innsbruck wurde 1994 von Viktor Schellhorn gegr\u00fcndet und setzt sich aus ca. 50 Laiens\u00e4ngerinnen und -s\u00e4ngern zusammen.<\/p>\n<p><span style=\"color: #0000ff;\"><strong>ChorleiterInnen seit 1994:<\/strong><\/span><\/p>\n<p>1994-2001 Viktor Schellhorn<\/p>\n<p>2001-2007 Hannes Hadwiger<\/p>\n<p>seit 2007 \u00a0 \u00a0Ingrid Czaika<\/p>\n<p style=\"text-align: left;\"><span style=\"color: #0000ff;\"><strong>Das Repertoire:<\/strong><\/span><\/p>\n<p>Das Repertoire besteht aus geistlicher und weltlicher Chorliteratur.<\/p>\n<p>Cantomania hat in den vergangenen Jahren gro\u00dfe Werke der Chorliteratur aus 5 Jahrhunderten aufgef\u00fchrt, widmet sich aber auch der Auff\u00fchrung unbekannter und zeitgen\u00f6ssischer Chormusik.<\/p>\n<p style=\"text-align: left;\"><span style=\"color: #0000ff;\"><strong><span style=\"color: #0000ff;\">Eine<\/span> Auswahl wichtiger Auff\u00fchrungen:<\/strong><\/span><\/p>\n<p><strong><span style=\"color: #0000ff;\">2023<\/span><\/strong><\/p>\n<p>9. und 10. Dezember, Johann Sebastian <strong>Bach <\/strong><strong>Weihnachtsoratorium <\/strong>Kantaten I, II, II, V<\/p>\n<p>Haus der Musik Innsbruck<\/p>\n<p>Britta Str\u00f6her, Sopran<br \/>\nKristina Quintab\u00e0, Alt<br \/>\nChristoph R\u00f6sel, Tenor<br \/>\nJ\u00f6rg Gottschick, Bass<br \/>\nChor Cantomania<br \/>\nIngrid Czaika, Leitung<\/p>\n<p>6. und 9. Mai, <strong>Music for a while<\/strong><\/p>\n<p>Vier und Einzig, Haus der Musik Innsbruck<\/p>\n<p>H. Purcell: Music for a while, W. R. Heymann: Liebling, mein Herz l\u00e4sst dich gr\u00fc\u00dfen, E. Whitacre: Five Hebrew Love Songs, J. Brahms: Quartette Opus 64, G. Kreisler: Tauben vergiften im Park, M. Ager: Wochenend und Sonnenschein<\/p>\n<p>Susanne Merth-Tomasi, Violine<br \/>\nAlexander Ringler, Klavier<br \/>\nChor Cantomania<br \/>\nIngrid Czaika, Leitung<\/p>\n<p><span style=\"color: #0000ff;\"><strong>2022<\/strong><\/span><\/p>\n<p>8. Dezember <strong>Mensch Maria<\/strong>, Wallfahrtskirche G\u00f6tzens<\/p>\n<p>A. Vivaldi Magnificat, Jubilate, J.A. Hasse: Salve Regina, M. Haydn: Responsorien, W.A. Mozart: Sancta Maria, F. Schubert: Salve Regina, Auguste jam coelestium<\/p>\n<p>Britta Str\u00f6her, Sopran<br \/>\nMaria Zeichart, Mezzosopran<br \/>\nKristina Quintab\u00e0, Alt<br \/>\nChrstoph R\u00f6sel, Tenor<br \/>\nChor Cantomania<br \/>\nIngrid Czaika, Leitung<\/p>\n<p>26. November, <strong>&#8230;ortlos&#8230;<\/strong> Lieder gegen die Ohnmacht<\/p>\n<p>Bahnhof Innsbruck-Messe, Heilig-Geist-Kirche Matrei, Vorplatz Pfarrkirche Brenner<\/p>\n<p>Ensemble des Chores<br \/>\nIngrid Czaika, Leitung<\/p>\n<p>3. Juli, <strong>nous rompons le silence<\/strong><\/p>\n<p>Innsbruck, Christuskirche. Werke von Vivaldi, Bach, Nystedt, P\u00e4rt, Faur\u00e9<\/p>\n<p>Britta Str\u00f6her, Sopran<br \/>\nMaria Zeichart, Mezzosopran<br \/>\nKristina Quintab\u00e0, Alt<br \/>\nChrstoph R\u00f6sel, Tenor<br \/>\nChor Cantomania<br \/>\nIngrid Czaika, Leitung<\/p>\n<p>8. Mai, <strong><span style=\"color: #000000;\">&#8230;ortlos&#8230; <\/span><\/strong><span style=\"color: #000000;\">Lieder gegen die Ohnmacht<\/span><\/p>\n<p>Innsbruck Westbahnhof, Messebahnhof, Hall Bahnhof<\/p>\n<p>Ensemble des Chores<br \/>\nIngrid Czaika, Leitung<\/p>\n<p><span style=\"color: #0000ff;\"><strong>2019<\/strong><\/span><\/p>\n<p>15. Dezember, Johann Sebastian <strong>Bach<\/strong>, <strong>Weihnachtsoratorium<\/strong>, Kantaten I, II und VI.<\/p>\n<p>Britta Str\u00f6her, Sopran<br \/>\nKristina Busch, Alt<br \/>\nChristoph R\u00f6sel, Tenor<br \/>\nChristian M. Schmidt, Bass<br \/>\nChor und Orchester Cantomania<br \/>\nIngrid Czaika, Leitung<\/p>\n<p>30. Juni, Teilnahme am Maximilianprojekt: <strong>hat den Lufft erfult<\/strong>, Komposition von Manuela Kerer und Robyn Schulkovsky, zusammen mit acht anderen Ch\u00f6ren<\/p>\n<p>21. und 25. Mai, <strong>The fruit of Silence<\/strong>, Innsbruck Theresienkirche, Kaltern Franziskanerkirche,\u00a0 Leitung Ingrid Czaika, Orgel Elisabeth Hubmann<\/p>\n<p>23. M\u00e4rz 2019, Teilnahme am Innsbrucker <strong>Passionssingen<\/strong> in der Kirche Petrus Canisius, Leitung Ingrid Czaika<\/p>\n<p><span style=\"color: #0000ff;\"><strong>2018<\/strong><\/span><\/p>\n<p>15. 16. Dezember, Innsbruck St. Paulus, Allerheiligen <strong>Magnificat<\/strong> von Johann Kuhnau und Johann Sebastian Bach<\/p>\n<p>Britta Str\u00f6her, Sopran, Erika Mussner, Sopran,\u00a0 Kristina Quintab\u00e0, Alt, Christoph R\u00f6sel, Tenor, Roland Gorol, Bass, Chor und Orchester Cantomania, Leitung: Ingrid Czaika<\/p>\n<p>17. M\u00e4rz 2018, Schwaz, St. Barbara, 18.03, Innsbruck, St. Paulus<\/p>\n<p><strong>&#8222;und mein Geist freuet sich&#8220;<\/strong>: Werke von Purcell, Sch\u00fctz, Vivaldi, Mendelssohn, Wittrich, M\u00e4nty\u00e4rvi, Taverner<\/p>\n<p>Michael Tomasi, Cello, Fausto Quintab\u00e0, Orgel, Leitung Ingrid Czaika<\/p>\n<p style=\"text-align: left;\"><span style=\"color: #0000ff;\"><strong>2017<\/strong><\/span><\/p>\n<p>21. Mai 2017 Tiroler Barocktage G\u00f6tzens <strong>Marienlieder<\/strong> im Kontrast<\/p>\n<p>Michael Tomasi: Cello, Andreas Flemming: Kontrabass, Ingrid Czaika: Leitung<\/p>\n<p>4.\/5. M\u00e4rz 2017 Mehrzwecksaal Olympisches Dorf, Innsbruck<\/p>\n<p><strong>Carl Orff, Catulli Carmina<\/strong><br \/>\nBritta Str\u00f6her, Sopran, Christoph R\u00f6sel, Tenor, Gerhard Kasal, Rezitation,<br \/>\nCarl-Orff_Ensemble-Cantomania, Ingrid Czaika, Leitung<\/p>\n<p><span style=\"color: #0000ff;\"><strong>2016<\/strong><\/span><\/p>\n<p>Projekt <strong>&#8222;fliehen&#8220;<\/strong> &#8211; Lieder zur Flucht und Vertreibung<\/p>\n<p>2. Oktober, Christuskirche Saggen, Innsbruck<br \/>\nzusammen mit dem Vokalensemble Landsberg<br \/>\n25. September, ST. Valentin am Brenner<br \/>\nzusammen mit Caroline Prei\u00dfl<br \/>\n1. Mai, Maria Hilf Kronburg\/Zams, Maria Hilf, Innsbruck<br \/>\nzusammen mit Sara Sch\u00f6pf<br \/>\n17. J\u00e4nner Maria Locherboden-M\u00f6tz,<br \/>\nH\u00f6ttinger Bild, Innsbruck<br \/>\nzusammen mit Caroline Prei\u00dfl<\/p>\n<p><strong>Matth\u00e4uspassion<\/strong> in der Fassung von Felix Mendelssohn Bartholdy<br \/>\n6.und 13. M\u00e4rz: Pfarrkirche Allerheiligen, Innsbruck 12. M\u00e4rz: Stiftskirche Stams<br \/>\nmit<br \/>\nBritta Str\u00f6her, Sopran<br \/>\nKristina Busch, Alt<br \/>\nChristoph R\u00f6sel,Tenor<br \/>\nRoland Hartmann, Bass<br \/>\nFlorian Kresser, Bass<br \/>\nChor und Orchester Cantomania<br \/>\nzusammen mit Kammerchor Fresko Vocalis<br \/>\nIngrid Czaika, Leitung<\/p>\n<p><span style=\"color: #0000ff;\"><strong>2015<\/strong><\/span><\/p>\n<p>5. bis 7. Juni, Konzertreise nach Bezau, Vorarlberg<\/p>\n<p>Johannes Brams, Zigeunerlieder<br \/>\nManuela Kerer, Stimmen stimmen<br \/>\nMorten Lauridsen, Sure on this shining night<br \/>\nHugo Wolf, Mignon IV<br \/>\nArnold Sch\u00f6nberg, Schenk mir deinen goldenen Kamm<br \/>\nAlexander Glazunov, Pastorale und Walz in D-Dur<br \/>\nmit<br \/>\nElisabeth Uhl, Sopran<br \/>\nFausto Qintab\u00e0, Klavier<br \/>\nIngrid Czaika, Leitung<\/p>\n<p>14. M\u00e4rz<br \/>\nWolfgang Amadeus <strong>Mozart<\/strong><br \/>\nKonzert in Innsbruck, Pfarrkirche St. Nikolaus<br \/>\nAdagio in E-Dur f\u00fcr Violine KV 261<br \/>\nMaurerische Trauermusik KV 477<br \/>\nRequiem in d-Moll KV 626<br \/>\nmit<br \/>\nBritta Str\u00f6her. Sopran<br \/>\nKristina Busch, Alt<br \/>\nChristoph R\u00f6sel, Tenor<br \/>\nRoland Hartmann, Bass<br \/>\nSusanne Merth-Tomasi, Violine<br \/>\nChor und Orchester Cantomania<br \/>\nIngrid Czaika, Leitung<\/p>\n<p><span style=\"color: #0000ff;\"><strong>2014 Jubil\u00e4umsjahr <\/strong><\/span><\/p>\n<p>Cantomania feiert mit drei unterschiedlichen Konzerten sein <strong>20-j\u00e4hriges Jubil\u00e4um<\/strong><\/p>\n<p>Johann Sebastian Bach, Weihnachtsoratorium Kantaten: I, IV,V,VI<\/p>\n<p>6. Dezember: Pfarrkirche Silz, 8. Dezember: Innsbruck Gro\u00dfer Stadtsaal,\u00a0 mit<br \/>\nBritta Str\u00f6her, Sopran<br \/>\nKristina Busch, Alt<br \/>\nChristoph R\u00f6sel, Tenor<br \/>\nRoland Hartmann, Bass<br \/>\nChor und Orchester Cantomania<br \/>\nIngrid Czaika, Leitung<\/p>\n<p>28. Juni 2014 Konzert in Innsbruck, Konservatorium<br \/>\nmit<br \/>\nAlexander Ringler, Klavier<br \/>\nFausto Quintab\u00e0, Klavier<br \/>\nJohannes Brahms: Liebeslieder<br \/>\nManuela Kerer: Stimmen stimmen (Urauff\u00fchrung, Auftragswerk des Chores) Carl Orff, Fremde sind wir<br \/>\nIngrid Czaika, Leitung<\/p>\n<p>Jubil\u00e4umsfest im Glashaus im Hofgarten Musikalische Stationen vor der Volksschule Innere Stadt und im Hofgarten<\/p>\n<p>Felix Mendelssohn Bartholdy: Lobgesang<br \/>\n26.J\u00e4nner\u00a0 Stiftskirche Fiecht, 28. J\u00e4nner Pfarrkirche Allerheiligen, Innsbruck<br \/>\nmit<br \/>\nElisabeth Uhl, Sopran<br \/>\nSusann Hagel, Sopran<br \/>\nChristoph R\u00f6sel, Tenor<br \/>\nChor und Orchester Cantomania<br \/>\nIngrid Czaika, Leitung<\/p>\n<p><span style=\"color: #0000ff;\"><strong>2013:<\/strong><\/span><\/p>\n<p>Cantomania erh\u00e4lt als erster Chor den neu gestifteten Tiroler Landespreis f\u00fcr Ch\u00f6re<\/p>\n<p>23. und 25. Juni 2013 Konzert in Fiecht und Innsbruck<br \/>\nAnton\u00edn Dvo\u0159\u00e1k: Requiem<br \/>\nmit:<br \/>\nSusann Hagel, Sopran<br \/>\nKerstin Descher, Alt<br \/>\nChristoph R\u00f6sel, Tenor<br \/>\nFlorian Kresser, Bass<br \/>\nLeitung: Ingrid Czaika<\/p>\n<p>3. M\u00e4rz 2013 Konzert in Innichen<br \/>\nSt\u00fccke von: Orff, Bartholdy, Brahms, Bruckner, Bach<br \/>\nmit:<br \/>\nKerstin Bernhard, Sopran<br \/>\nIngrid Czaika, Leitung<\/p>\n<p><span style=\"color: #0000ff;\"><strong style=\"line-height: 23px;\">2012:<\/strong><\/span><\/p>\n<p>Felix Mendelssohn-Bartholdy: &#8222;Elias&#8220; Oratorium<br \/>\nStiftskirche Fiecht, Pfarrkirche Allerheiligen<br \/>\nmit:<br \/>\nSusann Hagel, Sopran<br \/>\nElisabeth Uhl, Sopran<br \/>\nAnne Schuldt, Alt<br \/>\nChristoph R\u00f6sel, Tenor<br \/>\nJ\u00f6rg Gottschick, Bass<br \/>\nCantomania-Orchester<br \/>\nLeitung: Ingrid Czaika<\/p>\n<p><span style=\"color: #0000ff;\"><strong>2011:<\/strong><\/span><\/p>\n<p>Johann Sebastian Bach:<br \/>\nWeihnachtsoratorium Kantaten I, IV und VI<\/p>\n<p>Stiftskirche Fiecht<br \/>\nMaria am Gestade,\u00a0Innsbruck-Sieglanger<\/p>\n<p>Elisabeth Uhl, Sopran<br \/>\nBelinda Loukota, Sopran<br \/>\nAndrea Bierbaum, Alt<br \/>\nChristoph R\u00f6sel, Tenor<br \/>\nSteffen R\u00f6ssler, Bass<br \/>\nBach-Orchester Cantomania<br \/>\nLeitung: Ingrid Czaika<\/p>\n<p><span style=\"color: #0000ff;\"><strong>\u00a0<\/strong><\/span><\/p>\n<p>Johannes Brahms: &#8222;Zigeunerlieder&#8220; Op. 103<br \/>\nGustav Mahler: Lieder aus &#8222;Des Knaben Wunderhorn&#8220;<br \/>\nMax Reger: Volksliedbearbeitungen<\/p>\n<p>Konzertsaal des Tiroler Landeskonservatoriums Innsbruck<br \/>\nLina-Thyll-Saal des Landesmusikschule Reutte-Au\u00dferfern<\/p>\n<p>Mitwirkende:<br \/>\nElisabeth Uhl, Sopran<br \/>\nChristoph R\u00f6sel, Tenor<br \/>\nLeitung und Klavier: Ingrid Czaika<\/p>\n<p><span style=\"color: #0000ff;\"><strong>2010:<\/strong><\/span><\/p>\n<p>Manuela Kerer &#8222;Luna Chiarina&#8220;<br \/>\nGiacomo Puccini &#8222;Messa di Gloria&#8220;<\/p>\n<p>Festspielhaus F\u00fcssen\/Allg\u00e4u<br \/>\nKirche Allerheiligen, Innsbruck<br \/>\nFreinademetz-Kirche, Brixen-Milland<\/p>\n<p>Mitwirkende:<br \/>\nBarbara Camenzind, Sopran<br \/>\nChristoph R\u00f6sel, Tenor<br \/>\nJ\u00f6rg Gottschick, Bass<br \/>\nFlorian Kresser, Bass<br \/>\nOrchester Muss-Sein<br \/>\nLeitung: Ingrid Czaika<\/p>\n<p><span style=\"color: #0000ff;\"><strong>\u00a0<\/strong><\/span><\/p>\n<p>Johann Sebastian Bach: Kantaten zum Advent<br \/>\nSchwingt freudig euch empor&#8220; BWV 36 \/\u00a0&#8222;Bereitet die Wege&#8220; BWV 132 \/ &#8222;Nun komm, der Heiden Heiland&#8220; BWV 61<\/p>\n<p>St. Franziskus, Hall-Sch\u00f6negg<br \/>\nSt. Paulus-Kirche, Innsbruck<\/p>\n<p>Mitwirkende:<br \/>\nBelinda Loukota, Sopran<br \/>\nAndrea Bierbaum, Alt<br \/>\nChristoph R\u00f6sel, Tenor<br \/>\nSteffen R\u00f6ssler, Bass<br \/>\nBach-Consort Cantomania<br \/>\nLeitung: Ingrid Czaika<\/p>\n<p><span style=\"color: #0000ff;\"><strong>2009:<\/strong><\/span><\/p>\n<p>J.S. Bach &#8222;Johannes-Passion&#8220;<br \/>\nSt. Paulus, Innsbruck<br \/>\nStiftskirche Fiecht<br \/>\nSt. Pancratius, Telfes \/ Stubaital<\/p>\n<p>Mitwirkende:<br \/>\nJohanna-Maria Zeitler, Sopran<br \/>\nAndrea Bierbaum, Alt<br \/>\nChristoph R\u00f6sel, Tenor<br \/>\nSteffen R\u00f6ssler, Bass<br \/>\nFlorian Kresser, Bass<br \/>\nMichael Dries, Bass<\/p>\n<p>Mitglieder des Tiroler Symphonieorchesters<br \/>\nLeigung: Ingrid Czaika<\/p>\n<p><span style=\"color: #0000ff;\"><strong>\u00a0<\/strong><\/span><\/p>\n<p>Manuela Kerer &#8222;Sterntropfen&#8220;<br \/>\nFelix Mendelssohn-Bartholdy &#8222;Abendsegen&#8220;<br \/>\nJohannes Brahms &#8222;Ach arme Welt&#8220;<br \/>\nPeter Tschaikowsky: ausgew\u00e4hlte Ch\u00f6re aus &#8222;Chrysostomos-Liturgie&#8220;<\/p>\n<p>St. Paulus-Kirche, Innsbruck<\/p>\n<p>Mitwirkende:<br \/>\nJulius Berger, Violoncello<br \/>\nLeitung: Ingrid Czaika<\/p>\n<p><span style=\"color: #0000ff;\"><strong>2008:<\/strong><\/span><\/p>\n<p>Franz Schubert &#8222;Magnificat&#8220;, &#8222;Intende voci&#8220; und &#8222;Stabat mater&#8220;<br \/>\nSt. Nikolaus, Innsbruck<br \/>\nSt. Pancratius, Telfes \/ Stubaital<\/p>\n<p>Mitwirkende:<br \/>\nKerstin Gieber, Sopran<br \/>\nElisabeth M\u00fcller, Alt<br \/>\nChristoph R\u00f6sel, Tenor<br \/>\nSteffen R\u00f6ssler, Bass<\/p>\n<p>Mitglieder des Tiroler Symphonieorchesters<br \/>\nLeitung: Ingrid Czaika<\/p>\n<p><span style=\"color: #0000ff;\"><strong>\u00a0<\/strong><\/span><\/p>\n<p>Manuela Kerer &#8222;son joulant&#8220; (Urauff\u00fchrung)<br \/>\nPeter Wittrich &#8222;Heine-Lieder&#8220;<br \/>\nFanny Hensel &#8222;Gartenlieder&#8220;<br \/>\nVolksschule Innere Stadt, Innsbruck<\/p>\n<p>Mitwirkende:<br \/>\nBarbara Camenzind, Sopran<br \/>\nLeitung: Ingrid Czaika<\/p>\n<p><span style=\"color: #0000ff;\"><strong>2007:<\/strong><\/span><\/p>\n<p>Georg Friedrich H\u00e4ndel &#8222;Four Coronation Anthems&#8220; und &#8222;Funeral Anthem for Queen Caroline&#8220; und &#8222;Four Coronation Anthems&#8220;<br \/>\nSt. Nikolaus, Hall i. Tirol<br \/>\nSt. Nikolaus, Innsbruck<\/p>\n<p>Mitwirkende:<br \/>\nMaria Erlacher, Sopran<br \/>\nMarkus Forster, Altus<br \/>\nJohannes Puchleitner, Tenor<br \/>\nSteffen R\u00f6ssler, Bass<\/p>\n<p>Mitglieder des Tiroler Symphonieorchesters<br \/>\nLeitung: Hannes Hadwiger<\/p>\n<p><span style=\"color: #0000ff;\"><strong>2006:<\/strong><\/span><\/p>\n<p>W.A. Mozart &#8222;Messe c-moll&#8220;<br \/>\nSt. Nikolaus, Hall i. Tirol<br \/>\nSt. Nikolaus, Innsbruck<\/p>\n<p>Mitwirkende:<br \/>\nChor des Musikgymnasiums Innsbruck<br \/>\nLeitung: Siegfried Portugaller<\/p>\n<p>W.A. Mozart &#8222;Requiem&#8220; und &#8222;Ave Verum&#8220;<br \/>\nSt. Nikolaus, Hall i. Tirol<br \/>\nSt. Nikolaus, Innsbruck<\/p>\n<p>Mitwirkende:<br \/>\nMaria Erlacher, Sopran<br \/>\nMarkus Forster, Altus<br \/>\nChristian Bauer, Tenor<br \/>\nSteffen R\u00f6ssler, Bass<\/p>\n<p>Mitglieder des Tiroler Symphonieorchesters<br \/>\nLeitung: Hannes Hadwiger<\/p>\n<p><span style=\"color: #0000ff;\"><strong>2005:<\/strong><\/span><\/p>\n<p>Maurice Durufl\u00e9 &#8222;Requiem&#8220;<br \/>\nSt. Nikolaus, Hall i. Tirol<br \/>\nSt. Nikolaus, Innsbruck<\/p>\n<p>Mitwirkende:<br \/>\nMaria Erlacher, Mezzosopran<br \/>\nSteffen R\u00f6ssler, Bass<\/p>\n<p>Mitglieder des Tiroler Symphonieorchesters<br \/>\nLeitung: Hannes Hadwiger<\/p>\n<p><span style=\"color: #0000ff;\"><strong>2004:<\/strong><\/span><\/p>\n<p>Joseph Haydn &#8222;Die Sch\u00f6pfung&#8220;<br \/>\nSt. Nikolaus, Hall i. Tirol<br \/>\nBasilika Wilten, Innsbruck<\/p>\n<p>Mitwirkende:<br \/>\nMaria Erlacher, Sopran<br \/>\nChristian Bauer, Tenor<br \/>\nSteffen R\u00f6ssler, Bass<\/p>\n<p>Tiroler Instrumentalensemble<br \/>\nLeitung: Hannes Hadwiger<\/p>\n<p><strong><span style=\"color: #0000ff;\">2003:<\/span><\/strong><\/p>\n<p><span style=\"color: #000000;\">John Dowland, &#8222;unquiet thoughts&#8220;<\/span>Leitung: Hannes Hadwiger<\/p>\n<p><span style=\"color: #0000ff;\"><strong>2002:<\/strong><\/span><\/p>\n<p>W.A. Mozart &#8222;Requiem&#8220;<br \/>\nSt. Nikolaus, Hall i.Tirol<br \/>\nBasilika Wilten, Innsbruck<br \/>\nLeitung: Hannes Hadwiger<\/p>\n<p><span style=\"color: #0000ff;\"><strong>2001:<\/strong><\/span><\/p>\n<p>Carl Orff &#8222;Carmina Burana&#8220;<br \/>\nBushalle der IVB<\/p>\n<p>mit Daniela Fally (Sopran) und G\u00fcwench Dag\u00fcst\u00fcn (Tenor)<br \/>\nLeitung: Viktor Schellhorn<\/p>\n<p><span style=\"color: #0000ff;\"><strong>2000:<\/strong><\/span><\/p>\n<p><span style=\"color: #000000;\">J<\/span>oseph Haydn: Sch\u00f6pfungsmesse, Festwochen G\u00f6tzens,<\/p>\n<p>Tiroler Kammerorchester, Einstudierung: Viktor Schellhorn, Leitung: Franz Heidegger<\/p>\n<p>Joseph Haydn: Die Jahreszeiten (Fr\u00fchling, Sommer), Festwochen G\u00f6tzens, Leitung: Michael Mader, Einstudierung: Viktor Schellhorn<\/p>\n<p><span style=\"color: #0000ff;\"><strong>1999:<\/strong><\/span><\/p>\n<p><span style=\"color: #444444;\">Henry Purcell &#8222;King Arthur&#8220;<\/span><\/p>\n<p><em id=\"__mceDel\"> Caf\u00e9 Utpoia<\/em><\/p>\n<p>Mitwirkende:<br \/>\nBarbara Schellhorn, Sopran<br \/>\nCarmen Declara, Sopran<br \/>\nPetra \u00dcberbacher, Alt<br \/>\nChristoph R\u00f6sel, Tenor<br \/>\nMartin Senfter, Bass<\/p>\n<p>Orchester orfeo-strings<br \/>\nLeitung: Viktor Schellhorn<\/p>\n<p>Laurence Traiger, Concert of Spirituals<\/p>\n<p>Innsbruck: Kaiser- Leopold- Saal, mit Stella Arman, Barbara Schellhorn, Norbert Riccabona, Leitung: Viktor Schellhorn<\/p>\n<p><span style=\"color: #0000ff;\"><strong>1998:<\/strong><\/span><\/p>\n<p>Joseph Haydn: Missa in tempori Belli, Mendelssohn-Bartholdy: Richte mich Gott, Samuel Barber: Adagio for strings, Op. 11<\/p>\n<p>Auferstehungskirche Telfs, Pfarrkirche St. Nikolaus, Innsbruck, Orchester Telfs, Leitung: Joachim Mayr und Gerhard Sammer<\/p>\n","protected":false},"excerpt":{"rendered":"<p>Der Chor Cantomania Innsbruck wurde 1994 von Viktor Schellhorn gegr\u00fcndet und setzt sich aus ca. 50 Laiens\u00e4ngerinnen und -s\u00e4ngern zusammen. ChorleiterInnen seit 1994: 1994-2001 Viktor Schellhorn 2001-2007 Hannes Hadwiger seit 2007 \u00a0 \u00a0Ingrid Czaika Das Repertoire: Das Repertoire besteht aus &hellip; <a href=\"https:\/\/www.cantomania.at\/wordpress\/?page_id=2\">Weiterlesen <span class=\"meta-nav\">&rarr;<\/span><\/a><\/p>\n","protected":false},"author":1,"featured_media":0,"parent":0,"menu_order":0,"comment_status":"open","ping_status":"open","template":"","meta":{"footnotes":""},"class_list":["post-2","page","type-page","status-publish","hentry"],"_links":{"self":[{"href":"https:\/\/www.cantomania.at\/wordpress\/index.php?rest_route=\/wp\/v2\/pages\/2","targetHints":{"allow":["GET"]}}],"collection":[{"href":"https:\/\/www.cantomania.at\/wordpress\/index.php?rest_route=\/wp\/v2\/pages"}],"about":[{"href":"https:\/\/www.cantomania.at\/wordpress\/index.php?rest_route=\/wp\/v2\/types\/page"}],"author":[{"embeddable":true,"href":"https:\/\/www.cantomania.at\/wordpress\/index.php?rest_route=\/wp\/v2\/users\/1"}],"replies":[{"embeddable":true,"href":"https:\/\/www.cantomania.at\/wordpress\/index.php?rest_route=%2Fwp%2Fv2%2Fcomments&post=2"}],"version-history":[{"count":69,"href":"https:\/\/www.cantomania.at\/wordpress\/index.php?rest_route=\/wp\/v2\/pages\/2\/revisions"}],"predecessor-version":[{"id":1165,"href":"https:\/\/www.cantomania.at\/wordpress\/index.php?rest_route=\/wp\/v2\/pages\/2\/revisions\/1165"}],"wp:attachment":[{"href":"https:\/\/www.cantomania.at\/wordpress\/index.php?rest_route=%2Fwp%2Fv2%2Fmedia&parent=2"}],"curies":[{"name":"wp","href":"https:\/\/api.w.org\/{rel}","templated":true}]}}