{"id":193,"date":"2014-01-20T09:54:57","date_gmt":"2014-01-20T09:54:57","guid":{"rendered":"http:\/\/www.cantomania.at\/wordpress\/?page_id=193"},"modified":"2014-01-20T10:00:50","modified_gmt":"2014-01-20T10:00:50","slug":"cd-aufnahmen","status":"publish","type":"page","link":"https:\/\/www.cantomania.at\/wordpress\/?page_id=193","title":{"rendered":"CD-Aufnahmen"},"content":{"rendered":"<p style=\"text-align: center;\">Das <strong><span style=\"color: #0000ff;\">Dvo\u0159\u00e1k-Requiem<\/span> <\/strong>von <strong>Cantomania<\/strong> gibt es auch auf CD<br \/>\nmit Susann Hagel (Sopran),<br \/>\nKerstin Descher (Alt),<br \/>\nChristoph R\u00f6sel (Tenor)<br \/>\nFlorian Kresser (Bass)<br \/>\nLeitung: Ingrid Czaika<\/p>\n<p style=\"text-align: center;\"><a href=\"http:\/\/www.cantomania.at\/wordpress\/wp-content\/uploads\/2014\/01\/Dvorak-CD_Seite_1.jpg\"><img decoding=\"async\" class=\"size-medium wp-image-196\" alt=\"Dvorak-CD_Seite_1\" src=\"http:\/\/www.cantomania.at\/wordpress\/wp-content\/uploads\/2014\/01\/Dvorak-CD_Seite_1.jpg\" \/><\/a><\/p>\n<p style=\"text-align: center;\"><strong>Cantomania<\/strong> ist auf dem neuen Album von <strong>David Blum &#8211; &#8222;Deine Zeit&#8220;<\/strong> zu h\u00f6ren CD-Pr\u00e4sentation &amp; Konzert am 11. Feber um 20.30 (Treibhaus) Radio-Termine:\u00a0 24.1., Welle 1, 16.00 bis 17.00 30.1.\/6.2., Radio Tirol, 19.00 bis 20.00<\/p>\n<p style=\"text-align: center;\"><a href=\"http:\/\/www.cantomania.at\/wordpress\/wp-content\/uploads\/2013\/03\/Albumcover.jpg\"><img loading=\"lazy\" decoding=\"async\" alt=\"Albumcover\" src=\"http:\/\/www.cantomania.at\/wordpress\/wp-content\/uploads\/2013\/03\/Albumcover.jpg\" width=\"272\" height=\"272\" \/><\/a><\/p>\n","protected":false},"excerpt":{"rendered":"<p>Das Dvo\u0159\u00e1k-Requiem von Cantomania gibt es auch auf CD mit Susann Hagel (Sopran), Kerstin Descher (Alt), Christoph R\u00f6sel (Tenor) Florian Kresser (Bass) Leitung: Ingrid Czaika Cantomania ist auf dem neuen Album von David Blum &#8211; &#8222;Deine Zeit&#8220; zu h\u00f6ren CD-Pr\u00e4sentation &hellip; <a href=\"https:\/\/www.cantomania.at\/wordpress\/?page_id=193\">Weiterlesen <span class=\"meta-nav\">&rarr;<\/span><\/a><\/p>\n","protected":false},"author":1,"featured_media":0,"parent":0,"menu_order":0,"comment_status":"closed","ping_status":"closed","template":"","meta":{"footnotes":""},"class_list":["post-193","page","type-page","status-publish","hentry"],"_links":{"self":[{"href":"https:\/\/www.cantomania.at\/wordpress\/index.php?rest_route=\/wp\/v2\/pages\/193","targetHints":{"allow":["GET"]}}],"collection":[{"href":"https:\/\/www.cantomania.at\/wordpress\/index.php?rest_route=\/wp\/v2\/pages"}],"about":[{"href":"https:\/\/www.cantomania.at\/wordpress\/index.php?rest_route=\/wp\/v2\/types\/page"}],"author":[{"embeddable":true,"href":"https:\/\/www.cantomania.at\/wordpress\/index.php?rest_route=\/wp\/v2\/users\/1"}],"replies":[{"embeddable":true,"href":"https:\/\/www.cantomania.at\/wordpress\/index.php?rest_route=%2Fwp%2Fv2%2Fcomments&post=193"}],"version-history":[{"count":5,"href":"https:\/\/www.cantomania.at\/wordpress\/index.php?rest_route=\/wp\/v2\/pages\/193\/revisions"}],"predecessor-version":[{"id":199,"href":"https:\/\/www.cantomania.at\/wordpress\/index.php?rest_route=\/wp\/v2\/pages\/193\/revisions\/199"}],"wp:attachment":[{"href":"https:\/\/www.cantomania.at\/wordpress\/index.php?rest_route=%2Fwp%2Fv2%2Fmedia&parent=193"}],"curies":[{"name":"wp","href":"https:\/\/api.w.org\/{rel}","templated":true}]}}