{"id":14,"date":"2013-03-11T20:35:50","date_gmt":"2013-03-11T20:35:50","guid":{"rendered":"http:\/\/www.cantomania.at\/wordpress\/?page_id=14"},"modified":"2019-12-19T10:27:02","modified_gmt":"2019-12-19T10:27:02","slug":"chorleiterin","status":"publish","type":"page","link":"https:\/\/www.cantomania.at\/wordpress\/?page_id=14","title":{"rendered":"Chorleiterin"},"content":{"rendered":"<p>Ingrid Czaika wird 1978 in Kaufbeuren (Allg\u00e4u) geboren. Im Alter von sieben Jahren erh\u00e4lt sie ersten Klavierunterricht.<\/p>\n<p><a href=\"http:\/\/www.cantomania.at\/wordpress\/wp-content\/uploads\/2013\/03\/Examenskonzert1-bearbeitet.jpg\"><img loading=\"lazy\" decoding=\"async\" class=\"wp-image-180 aligncenter\" src=\"http:\/\/www.cantomania.at\/wordpress\/wp-content\/uploads\/2013\/03\/Examenskonzert1-bearbeitet.jpg\" alt=\"Examenskonzert1 bearbeitet\" width=\"169\" height=\"317\" \/><\/a><\/p>\n<h3><strong>Studium:<\/strong><\/h3>\n<p>1997 erreicht sie bei &#8222;Jugend musiziert&#8220; auf Landesebene einen ersten Preis als Klavierbegleiterin. Im selben Jahr beginnt sie ein Lehramtsstudium an der Hochschule f\u00fcr Musik und Theater in M\u00fcnchen (Klasse Prof. Michael Sch\u00e4fer), das sie 2002 mit dem ersten Staatsexamen beendet. Im Herbst 2002 beginnt sie am Tiroler Landeskonservatorium Innsbruck ihr Dirigierstudium bei Prof. Edgar Seipenbusch und Tito Ceccherini, das sie 2006 mit dem K\u00fcnstlerischen Diplom abschlie\u00dft. 2005 promoviert sie mit Auszeichnung in Musikwissenschaft \u00fcber Giuseppe Verdis fr\u00fche Opern. Dar\u00fcber hinaus besucht sie als Pianistin Liedklassen u.a. bei Oresta Cybriwsky und nimmt an Meisterkursen f\u00fcr Liedgestaltung bei Prof. Norman Shetler und Kammers\u00e4nger Robert Holl teil. 2005 und 2008 besucht sie Meisterkurse f\u00fcr Dirigenten bei Prof. Roman Kofman und dem Beethoven Orchester Bonn.<\/p>\n<p><a href=\"http:\/\/www.cantomania.at\/wordpress\/wp-content\/uploads\/2013\/03\/IMG_2863.jpg\"><img loading=\"lazy\" decoding=\"async\" class=\"wp-image-182 aligncenter\" src=\"http:\/\/www.cantomania.at\/wordpress\/wp-content\/uploads\/2013\/03\/IMG_2863.jpg\" alt=\"IMG_2863\" width=\"361\" height=\"274\" \/><\/a><\/p>\n<h3><strong>K\u00fcnstlerische Bet\u00e4tigung:<\/strong><\/h3>\n<p>Von 2000 bis 2010 war\u00a0Ingrid Czaika Leiterin des Colloquium Chores F\u00fcssen. Im Studienjahr 2004\/05 wurde ihr die musikalische Assistenz des Opernstudios und Orchesters des Tiroler Landeskonservatoriums \u00fcbertragen. 2006-2007 war\u00a0sie Korrepetitorin am Tiroler Landeskonservatorium, 2006-2014\u00a0Musikschullehrerin an der Landesmusikschule Reutte-Au\u00dferfern,\u00a0seit 2008 erh\u00e4lt sie regelm\u00e4\u00dfig Lehrauftr\u00e4ge am Musikwissenschaftlichen Institut der Leopold-Franzens-Universit\u00e4t Innsbruck und seit 2015 ist sie am Mozarteum Salzburg in Innsbruck t\u00e4tig.\u00a0Ihre Konzertt\u00e4tigkeit als Liedbegleiterin f\u00fchrt sie nach Deutschland, \u00d6sterreich, Italien und in die Schweiz.<br \/>\n2006 und 2007 war sie Assistentin bei den Tiroler Festspielen Erl. Seit 2007 ist sie die musikalische Leiterin des \u201eChores Cantomania Innsbruck\u201c, und von 2011 bis 2017 hatte sie die Leitung des \u201eKammerchores Fresco Vocalis Innsbruck&#8220; inne.<\/p>\n<p><a href=\"http:\/\/www.cantomania.at\/wordpress\/wp-content\/uploads\/2013\/03\/IMG_2102.jpg\"><img loading=\"lazy\" decoding=\"async\" class=\"size-medium wp-image-181 aligncenter\" src=\"http:\/\/www.cantomania.at\/wordpress\/wp-content\/uploads\/2013\/03\/IMG_2102-300x200.jpg\" alt=\"IMG_2102\" width=\"300\" height=\"200\" srcset=\"https:\/\/www.cantomania.at\/wordpress\/wp-content\/uploads\/2013\/03\/IMG_2102-300x200.jpg 300w, https:\/\/www.cantomania.at\/wordpress\/wp-content\/uploads\/2013\/03\/IMG_2102.jpg 480w\" sizes=\"auto, (max-width: 300px) 100vw, 300px\" \/><\/a><\/p>\n<h3><strong>Wichtige Auff\u00fchrungen unter ihrer Leitung:<\/strong><\/h3>\n<div>\n<p>Sie dirigierte\u00a0im April 2005 die Auff\u00fchrungen von Stephen Sondheims Musical\u00a0<em>Into The Woods<\/em>\u00a0an den Kammerspielen des Tiroler Landestheaters.<br \/>\nIm Januar 2006 leitete sie in einer Studentenproduktion Auff\u00fchrungen von Henry Purcells\u00a0<em>Dido and Aeneas<\/em>\u00a0in Innsbruck, Telfs und Imst.<\/p>\n<p>Spielzeit 2006\/07: Musikalische Ausstattung, Einstudierung und musikalische Leitung der Kriminalkom\u00f6die mit Musik\u00a0<em>Acht Frauen<\/em>\u00a0von Robert Thomas am Tiroler Landestheater Innsbruck<\/p>\n<p>Spielzeit 2014\/15: Musikalische Assistenz von Operndirektor Roger E. Boggasch f\u00fcr &#8222;Comedian Harmonists&#8220; am Tiroler Landestheater Innsbruck<br \/>\nIn den vergangenen Jahren brachte\u00a0sie mit verschiedenen Ensembles Werke von Manuela Kerer zur Urauff\u00fchrung:<\/p>\n<ul>\n<li>2006 \u201eson moussant\u201c \u2013 Akustische Inszenierung des Tiroler Landesmuseum Ferdinandeum als Bauwerk (CD-Produktion)<\/li>\n<li>2007 \u201eRasura\u201c \u2013 Semiphantastische Oper (Auff\u00fchrungen in Innsbruck, Reutte, Brixen)<\/li>\n<li>2007 \u201eLuna Chiarina\u201c \u2013 Auftragskomposition des Colloquium Chores F\u00fcssen zum 111. Todestag Clara Schumanns (20. Mai 1896)<\/li>\n<li>2008 \u201eson joulant\u201c \u2013 Akustische Inszenzierung der Volksschule Innere Stadt Innsbruck, Auftragskomposition des Chores Cantomania<\/li>\n<li>2008 \u201eSterntropfen\u201c \u2013 Auftragskomposition des Colloquium Chores F\u00fcssen: F\u00fcr Herrn Julius Berger, der T\u00f6ne zu strahlenden Sternen werden l\u00e4sst<\/li>\n<li>2011 \u201eDas Wirtshaus zur Hand des Gehenkten\u201c (St. Gallen\/CH)<\/li>\n<li>2014 &#8222;Stimmen stimmen&#8220; &#8211; Auftragskomposition des Chores Cantomania Innsbruck<\/li>\n<\/ul>\n<\/div>\n<div><strong>Publikationen:<\/strong><\/div>\n<p><cite><\/cite><em>Czaika, Ingrid: \u201eFr\u00fche Verdi-Motivik\u201c Charakterisierungsmethoden in den fr\u00fchen Opern (von Oberto bis Rigoletto), Lit-Verlag Wien 2006, 240 S., 19.90 EUR, ISBN 3-8258-9573-4<\/em><\/p>\n<p><em><cite><\/cite><cite>Czaika, Ingrid: \u201eGustav III. und Verdis Maskenball\u201c, Lit-Verlag Wien 2008, 160 S., 19.90 EUR, ISBN 978-3-8258-1655-1<\/cite><\/em><\/p>\n<p><em><cite><\/cite><cite>Czaika, Ingrid (Hg.): Arthur R\u00f6sel \u201eLieder Op. 33, 46, 63 f\u00fcr eine Singstimme mit Klavierbegleitung\u201c (Erstver\u00f6ffentlichung und kritischer Bericht), innsbruck university press 2009, 52 S., 19.90 EUR, ISBN 978-3-902719-12-6<\/cite><\/em><\/p>\n<p><em>Czaika, Ingrid (Hg.): Arthur R\u00f6sel \u201eLieder Op. 8, 13, 18, 31 und 37 f\u00fcr eine Singstimme mit Klavierbegleitung\u201c, innsbruck university press 2009, 52 S., 19.90 EUR, ISBN 978-3-902719-66-9<\/em><\/p>\n<p><em>Czaika, Ingrid (Hg.): Arthur R\u00f6sel \u201eLieder Op. 15, 29, 47, 60 und 70 f\u00fcr eine Singstimme mit Klavierbegleitung\u201c, innsbruck university press 2012, 61 S., 19.90 EUR, ISBN 978-3-902811-39-4<\/em><\/p>\n<p><em>Czaika, Ingrid: Arthur R\u00f6sel &#8211; Leben und Werk der Weimarer Komponisten, AVM.edition 2015, 158 S., 34.90 EUR, ISBN: 978-3-95477-046-5<\/em><\/p>\n","protected":false},"excerpt":{"rendered":"<p>Ingrid Czaika wird 1978 in Kaufbeuren (Allg\u00e4u) geboren. Im Alter von sieben Jahren erh\u00e4lt sie ersten Klavierunterricht. Studium: 1997 erreicht sie bei &#8222;Jugend musiziert&#8220; auf Landesebene einen ersten Preis als Klavierbegleiterin. Im selben Jahr beginnt sie ein Lehramtsstudium an der &hellip; <a href=\"https:\/\/www.cantomania.at\/wordpress\/?page_id=14\">Weiterlesen <span class=\"meta-nav\">&rarr;<\/span><\/a><\/p>\n","protected":false},"author":1,"featured_media":0,"parent":0,"menu_order":0,"comment_status":"open","ping_status":"open","template":"","meta":{"footnotes":""},"class_list":["post-14","page","type-page","status-publish","hentry"],"_links":{"self":[{"href":"https:\/\/www.cantomania.at\/wordpress\/index.php?rest_route=\/wp\/v2\/pages\/14","targetHints":{"allow":["GET"]}}],"collection":[{"href":"https:\/\/www.cantomania.at\/wordpress\/index.php?rest_route=\/wp\/v2\/pages"}],"about":[{"href":"https:\/\/www.cantomania.at\/wordpress\/index.php?rest_route=\/wp\/v2\/types\/page"}],"author":[{"embeddable":true,"href":"https:\/\/www.cantomania.at\/wordpress\/index.php?rest_route=\/wp\/v2\/users\/1"}],"replies":[{"embeddable":true,"href":"https:\/\/www.cantomania.at\/wordpress\/index.php?rest_route=%2Fwp%2Fv2%2Fcomments&post=14"}],"version-history":[{"count":8,"href":"https:\/\/www.cantomania.at\/wordpress\/index.php?rest_route=\/wp\/v2\/pages\/14\/revisions"}],"predecessor-version":[{"id":881,"href":"https:\/\/www.cantomania.at\/wordpress\/index.php?rest_route=\/wp\/v2\/pages\/14\/revisions\/881"}],"wp:attachment":[{"href":"https:\/\/www.cantomania.at\/wordpress\/index.php?rest_route=%2Fwp%2Fv2%2Fmedia&parent=14"}],"curies":[{"name":"wp","href":"https:\/\/api.w.org\/{rel}","templated":true}]}}